{"id":369,"date":"2019-04-03T11:41:44","date_gmt":"2019-04-03T11:41:44","guid":{"rendered":"http:\/\/neu.ferienanlage-doll.de\/?page_id=369"},"modified":"2020-07-16T09:51:22","modified_gmt":"2020-07-16T09:51:22","slug":"impressum","status":"publish","type":"page","link":"https:\/\/www.ferienanlage-doll.de\/?page_id=369","title":{"rendered":"Impressum"},"content":{"rendered":"<div id=\"pl-369\"  class=\"panel-layout\" ><div id=\"pg-369-0\"  class=\"panel-grid panel-no-style\" ><div id=\"pgc-369-0-0\"  class=\"panel-grid-cell\" ><div id=\"panel-369-0-0-0\" class=\"so-panel widget widget_sow-editor panel-first-child panel-last-child\" data-index=\"0\" ><div\n\t\t\t\n\t\t\tclass=\"so-widget-sow-editor so-widget-sow-editor-base\"\n\t\t\t\n\t\t>\n<div class=\"siteorigin-widget-tinymce textwidget\">\n\t<h1>Impressum<\/h1>\n<h2>Angaben gem\u00e4\u00df \u00a7 5 TMG<\/h2>\n<p>Angelika Doll<br \/>\nFerienanlage Doll<br \/>\nKurtshagener Stra\u00dfe 9<br \/>\n17398 Ducherow OT Neuendorf A<\/p>\n<h2>Kontakt<\/h2>\n<p>Telefon: +49 (0) 39777 20 70 6<br \/>\nTelefax: +49 (0) 39777 20 71 6<br \/>\nE-Mail: info@ferienanlage-doll.de<\/p>\n<h2>Umsatzsteuer-ID<\/h2>\n<p>Umsatzsteuer-Identifikationsnummer gem\u00e4\u00df \u00a727 a Umsatzsteuergesetz:<br \/>\nDE 126 470 934<\/p>\n<h2>Verantwortlich f\u00fcr den Inhalt nach \u00a7 55 Abs. 2 RStV<\/h2>\n<p>Angelika Doll<br \/>\nKurtshagener Stra\u00dfe 9<br \/>\n17398 Ducherow OT Neuendorf A<\/p>\n<h2>Streitschlichtung<\/h2>\n<p>Die Europ\u00e4ische Kommission stellt eine Plattform zur Online-Streitbeilegung (OS) bereit: <a href=\"https:\/\/ec.europa.eu\/consumers\/odr\" target=\"_blank\" rel=\"noopener\">https:\/\/ec.europa.eu\/consumers\/odr<\/a>.<br \/>\nUnsere E-Mail-Adresse finden Sie oben im Impressum.<\/p>\n<p>Wir sind nicht bereit oder verpflichtet, an Streitbeilegungsverfahren vor einer Verbraucherschlichtungsstelle teilzunehmen.<\/p>\n<h3>Haftung f\u00fcr Inhalte<\/h3>\n<p>Als Diensteanbieter sind wir gem\u00e4\u00df \u00a7 7 Abs.1 TMG f\u00fcr eigene Inhalte auf diesen Seiten nach den allgemeinen Gesetzen verantwortlich. Nach \u00a7\u00a7 8 bis 10 TMG sind wir als Diensteanbieter jedoch nicht verpflichtet, \u00fcbermittelte oder gespeicherte fremde Informationen zu \u00fcberwachen oder nach Umst\u00e4nden zu forschen, die auf eine rechtswidrige T\u00e4tigkeit hinweisen.<\/p>\n<p>Verpflichtungen zur Entfernung oder Sperrung der Nutzung von Informationen nach den allgemeinen Gesetzen bleiben hiervon unber\u00fchrt. Eine diesbez\u00fcgliche Haftung ist jedoch erst ab dem Zeitpunkt der Kenntnis einer konkreten Rechtsverletzung m\u00f6glich. Bei Bekanntwerden von entsprechenden Rechtsverletzungen werden wir diese Inhalte umgehend entfernen.<\/p>\n<h3>Haftung f\u00fcr Links<\/h3>\n<p>Unser Angebot enth\u00e4lt Links zu externen Websites Dritter, auf deren Inhalte wir keinen Einfluss haben. Deshalb k\u00f6nnen wir f\u00fcr diese fremden Inhalte auch keine Gew\u00e4hr \u00fcbernehmen. F\u00fcr die Inhalte der verlinkten Seiten ist stets der jeweilige Anbieter oder Betreiber der Seiten verantwortlich. Die verlinkten Seiten wurden zum Zeitpunkt der Verlinkung auf m\u00f6gliche Rechtsverst\u00f6\u00dfe \u00fcberpr\u00fcft. Rechtswidrige Inhalte waren zum Zeitpunkt der Verlinkung nicht erkennbar.<\/p>\n<p>Eine permanente inhaltliche Kontrolle der verlinkten Seiten ist jedoch ohne konkrete Anhaltspunkte einer Rechtsverletzung nicht zumutbar. Bei Bekanntwerden von Rechtsverletzungen werden wir derartige Links umgehend entfernen.<\/p>\n<h3>Urheberrecht<\/h3>\n<p>Die durch die Seitenbetreiber erstellten Inhalte und Werke auf diesen Seiten unterliegen dem deutschen Urheberrecht. Die Vervielf\u00e4ltigung, Bearbeitung, Verbreitung und jede Art der Verwertung au\u00dferhalb der Grenzen des Urheberrechtes bed\u00fcrfen der schriftlichen Zustimmung des jeweiligen Autors bzw. Erstellers. Downloads und Kopien dieser Seite sind nur f\u00fcr den privaten, nicht kommerziellen Gebrauch gestattet.<\/p>\n<p>Soweit die Inhalte auf dieser Seite nicht vom Betreiber erstellt wurden, werden die Urheberrechte Dritter beachtet. Insbesondere werden Inhalte Dritter als solche gekennzeichnet. Sollten Sie trotzdem auf eine Urheberrechtsverletzung aufmerksam werden, bitten wir um einen entsprechenden Hinweis. Bei Bekanntwerden von Rechtsverletzungen werden wir derartige Inhalte umgehend entfernen.<\/p>\n<\/div>\n<\/div><\/div><\/div><\/div><\/div>","protected":false},"excerpt":{"rendered":"<p>Impressum Angaben gem\u00e4\u00df \u00a7 5 TMG Angelika Doll Ferienanlage Doll Kurtshagener Stra\u00dfe 9 17398 Ducherow OT Neuendorf A Kontakt Telefon: +49 (0) 39777 20 70 6 Telefax: +49 (0) 39777 20 71 6 E-Mail: info@ferienanlage-doll.de Umsatzsteuer-ID Umsatzsteuer-Identifikationsnummer gem\u00e4\u00df \u00a727 a Umsatzsteuergesetz: DE 126 470 934 Verantwortlich f\u00fcr den Inhalt nach \u00a7 55 Abs. 2 RStV&hellip; <br \/> <a class=\"read-more\" href=\"https:\/\/www.ferienanlage-doll.de\/?page_id=369\">Read more<\/a><\/p>\n","protected":false},"author":1,"featured_media":0,"parent":0,"menu_order":0,"comment_status":"closed","ping_status":"closed","template":"","meta":{"footnotes":""},"class_list":["post-369","page","type-page","status-publish","hentry"],"yoast_head":"<!-- This site is optimized with the Yoast SEO plugin v26.7 - https:\/\/yoast.com\/wordpress\/plugins\/seo\/ -->\n<title>Impressum - Ferienanlage-Doll.de<\/title>\n<meta name=\"robots\" content=\"index, follow, max-snippet:-1, max-image-preview:large, max-video-preview:-1\" \/>\n<link rel=\"canonical\" href=\"https:\/\/www.ferienanlage-doll.de\/?page_id=369\" \/>\n<meta property=\"og:locale\" content=\"de_DE\" \/>\n<meta property=\"og:type\" content=\"article\" \/>\n<meta property=\"og:title\" content=\"Impressum - Ferienanlage-Doll.de\" \/>\n<meta property=\"og:description\" content=\"Impressum Angaben gem\u00e4\u00df \u00a7 5 TMG Angelika Doll Ferienanlage Doll Kurtshagener Stra\u00dfe 9 17398 Ducherow OT Neuendorf A Kontakt Telefon: +49 (0) 39777 20 70 6 Telefax: +49 (0) 39777 20 71 6 E-Mail: info@ferienanlage-doll.de Umsatzsteuer-ID Umsatzsteuer-Identifikationsnummer gem\u00e4\u00df \u00a727 a Umsatzsteuergesetz: DE 126 470 934 Verantwortlich f\u00fcr den Inhalt nach \u00a7 55 Abs. 2 RStV&hellip; Read more\" \/>\n<meta property=\"og:url\" content=\"https:\/\/www.ferienanlage-doll.de\/?page_id=369\" \/>\n<meta property=\"og:site_name\" content=\"Ferienanlage-Doll.de\" \/>\n<meta property=\"article:modified_time\" content=\"2020-07-16T09:51:22+00:00\" \/>\n<meta name=\"twitter:card\" content=\"summary_large_image\" \/>\n<meta name=\"twitter:label1\" content=\"Gesch\u00e4tzte Lesezeit\" \/>\n\t<meta name=\"twitter:data1\" content=\"2\u00a0Minuten\" \/>\n<script type=\"application\/ld+json\" class=\"yoast-schema-graph\">{\"@context\":\"https:\/\/schema.org\",\"@graph\":[{\"@type\":\"WebPage\",\"@id\":\"https:\/\/www.ferienanlage-doll.de\/?page_id=369\",\"url\":\"https:\/\/www.ferienanlage-doll.de\/?page_id=369\",\"name\":\"Impressum - Ferienanlage-Doll.de\",\"isPartOf\":{\"@id\":\"https:\/\/www.ferienanlage-doll.de\/#website\"},\"datePublished\":\"2019-04-03T11:41:44+00:00\",\"dateModified\":\"2020-07-16T09:51:22+00:00\",\"breadcrumb\":{\"@id\":\"https:\/\/www.ferienanlage-doll.de\/?page_id=369#breadcrumb\"},\"inLanguage\":\"de\",\"potentialAction\":[{\"@type\":\"ReadAction\",\"target\":[\"https:\/\/www.ferienanlage-doll.de\/?page_id=369\"]}]},{\"@type\":\"BreadcrumbList\",\"@id\":\"https:\/\/www.ferienanlage-doll.de\/?page_id=369#breadcrumb\",\"itemListElement\":[{\"@type\":\"ListItem\",\"position\":1,\"name\":\"Startseite\",\"item\":\"https:\/\/www.ferienanlage-doll.de\/?page_id=218\"},{\"@type\":\"ListItem\",\"position\":2,\"name\":\"Impressum\"}]},{\"@type\":\"WebSite\",\"@id\":\"https:\/\/www.ferienanlage-doll.de\/#website\",\"url\":\"https:\/\/www.ferienanlage-doll.de\/\",\"name\":\"Ferienanlage-Doll.de\",\"description\":\"\",\"publisher\":{\"@id\":\"https:\/\/www.ferienanlage-doll.de\/#organization\"},\"potentialAction\":[{\"@type\":\"SearchAction\",\"target\":{\"@type\":\"EntryPoint\",\"urlTemplate\":\"https:\/\/www.ferienanlage-doll.de\/?s={search_term_string}\"},\"query-input\":{\"@type\":\"PropertyValueSpecification\",\"valueRequired\":true,\"valueName\":\"search_term_string\"}}],\"inLanguage\":\"de\"},{\"@type\":\"Organization\",\"@id\":\"https:\/\/www.ferienanlage-doll.de\/#organization\",\"name\":\"Ferienanlage Doll\",\"url\":\"https:\/\/www.ferienanlage-doll.de\/\",\"logo\":{\"@type\":\"ImageObject\",\"inLanguage\":\"de\",\"@id\":\"https:\/\/www.ferienanlage-doll.de\/#\/schema\/logo\/image\/\",\"url\":\"https:\/\/www.ferienanlage-doll.de\/wp-content\/uploads\/2019\/04\/cropped-schriftzug-doll.png\",\"contentUrl\":\"https:\/\/www.ferienanlage-doll.de\/wp-content\/uploads\/2019\/04\/cropped-schriftzug-doll.png\",\"width\":2894,\"height\":378,\"caption\":\"Ferienanlage Doll\"},\"image\":{\"@id\":\"https:\/\/www.ferienanlage-doll.de\/#\/schema\/logo\/image\/\"}}]}<\/script>\n<!-- \/ Yoast SEO plugin. -->","yoast_head_json":{"title":"Impressum - Ferienanlage-Doll.de","robots":{"index":"index","follow":"follow","max-snippet":"max-snippet:-1","max-image-preview":"max-image-preview:large","max-video-preview":"max-video-preview:-1"},"canonical":"https:\/\/www.ferienanlage-doll.de\/?page_id=369","og_locale":"de_DE","og_type":"article","og_title":"Impressum - Ferienanlage-Doll.de","og_description":"Impressum Angaben gem\u00e4\u00df \u00a7 5 TMG Angelika Doll Ferienanlage Doll Kurtshagener Stra\u00dfe 9 17398 Ducherow OT Neuendorf A Kontakt Telefon: +49 (0) 39777 20 70 6 Telefax: +49 (0) 39777 20 71 6 E-Mail: info@ferienanlage-doll.de Umsatzsteuer-ID Umsatzsteuer-Identifikationsnummer gem\u00e4\u00df \u00a727 a Umsatzsteuergesetz: DE 126 470 934 Verantwortlich f\u00fcr den Inhalt nach \u00a7 55 Abs. 2 RStV&hellip; Read more","og_url":"https:\/\/www.ferienanlage-doll.de\/?page_id=369","og_site_name":"Ferienanlage-Doll.de","article_modified_time":"2020-07-16T09:51:22+00:00","twitter_card":"summary_large_image","twitter_misc":{"Gesch\u00e4tzte Lesezeit":"2\u00a0Minuten"},"schema":{"@context":"https:\/\/schema.org","@graph":[{"@type":"WebPage","@id":"https:\/\/www.ferienanlage-doll.de\/?page_id=369","url":"https:\/\/www.ferienanlage-doll.de\/?page_id=369","name":"Impressum - Ferienanlage-Doll.de","isPartOf":{"@id":"https:\/\/www.ferienanlage-doll.de\/#website"},"datePublished":"2019-04-03T11:41:44+00:00","dateModified":"2020-07-16T09:51:22+00:00","breadcrumb":{"@id":"https:\/\/www.ferienanlage-doll.de\/?page_id=369#breadcrumb"},"inLanguage":"de","potentialAction":[{"@type":"ReadAction","target":["https:\/\/www.ferienanlage-doll.de\/?page_id=369"]}]},{"@type":"BreadcrumbList","@id":"https:\/\/www.ferienanlage-doll.de\/?page_id=369#breadcrumb","itemListElement":[{"@type":"ListItem","position":1,"name":"Startseite","item":"https:\/\/www.ferienanlage-doll.de\/?page_id=218"},{"@type":"ListItem","position":2,"name":"Impressum"}]},{"@type":"WebSite","@id":"https:\/\/www.ferienanlage-doll.de\/#website","url":"https:\/\/www.ferienanlage-doll.de\/","name":"Ferienanlage-Doll.de","description":"","publisher":{"@id":"https:\/\/www.ferienanlage-doll.de\/#organization"},"potentialAction":[{"@type":"SearchAction","target":{"@type":"EntryPoint","urlTemplate":"https:\/\/www.ferienanlage-doll.de\/?s={search_term_string}"},"query-input":{"@type":"PropertyValueSpecification","valueRequired":true,"valueName":"search_term_string"}}],"inLanguage":"de"},{"@type":"Organization","@id":"https:\/\/www.ferienanlage-doll.de\/#organization","name":"Ferienanlage Doll","url":"https:\/\/www.ferienanlage-doll.de\/","logo":{"@type":"ImageObject","inLanguage":"de","@id":"https:\/\/www.ferienanlage-doll.de\/#\/schema\/logo\/image\/","url":"https:\/\/www.ferienanlage-doll.de\/wp-content\/uploads\/2019\/04\/cropped-schriftzug-doll.png","contentUrl":"https:\/\/www.ferienanlage-doll.de\/wp-content\/uploads\/2019\/04\/cropped-schriftzug-doll.png","width":2894,"height":378,"caption":"Ferienanlage Doll"},"image":{"@id":"https:\/\/www.ferienanlage-doll.de\/#\/schema\/logo\/image\/"}}]}},"_links":{"self":[{"href":"https:\/\/www.ferienanlage-doll.de\/index.php?rest_route=\/wp\/v2\/pages\/369","targetHints":{"allow":["GET"]}}],"collection":[{"href":"https:\/\/www.ferienanlage-doll.de\/index.php?rest_route=\/wp\/v2\/pages"}],"about":[{"href":"https:\/\/www.ferienanlage-doll.de\/index.php?rest_route=\/wp\/v2\/types\/page"}],"author":[{"embeddable":true,"href":"https:\/\/www.ferienanlage-doll.de\/index.php?rest_route=\/wp\/v2\/users\/1"}],"replies":[{"embeddable":true,"href":"https:\/\/www.ferienanlage-doll.de\/index.php?rest_route=%2Fwp%2Fv2%2Fcomments&post=369"}],"version-history":[{"count":7,"href":"https:\/\/www.ferienanlage-doll.de\/index.php?rest_route=\/wp\/v2\/pages\/369\/revisions"}],"predecessor-version":[{"id":780,"href":"https:\/\/www.ferienanlage-doll.de\/index.php?rest_route=\/wp\/v2\/pages\/369\/revisions\/780"}],"wp:attachment":[{"href":"https:\/\/www.ferienanlage-doll.de\/index.php?rest_route=%2Fwp%2Fv2%2Fmedia&parent=369"}],"curies":[{"name":"wp","href":"https:\/\/api.w.org\/{rel}","templated":true}]}}