{"id":63,"date":"2019-01-28T13:34:38","date_gmt":"2019-01-28T13:34:38","guid":{"rendered":"http:\/\/neu.ferienanlage-doll.de\/?page_id=63"},"modified":"2020-07-17T10:11:59","modified_gmt":"2020-07-17T10:11:59","slug":"ferienhaeuser","status":"publish","type":"page","link":"https:\/\/www.ferienanlage-doll.de\/?page_id=63","title":{"rendered":"Ferienh\u00e4user"},"content":{"rendered":"<div id=\"pl-63\"  class=\"panel-layout\" ><div id=\"pg-63-0\"  class=\"panel-grid panel-no-style\" ><div id=\"pgc-63-0-0\"  class=\"panel-grid-cell\" ><div id=\"panel-63-0-0-0\" class=\"so-panel widget widget_sow-editor panel-first-child panel-last-child\" data-index=\"0\" ><div class=\"panel-widget-style panel-widget-style-for-63-0-0-0\" ><div\n\t\t\t\n\t\t\tclass=\"so-widget-sow-editor so-widget-sow-editor-base\"\n\t\t\t\n\t\t>\n<div class=\"siteorigin-widget-tinymce textwidget\">\n\t<h1>Unsere Ferienh\u00e4user<\/h1>\n<\/div>\n<\/div><\/div><\/div><\/div><\/div><div id=\"pg-63-1\"  class=\"panel-grid panel-no-style\" ><div id=\"pgc-63-1-0\"  class=\"panel-grid-cell\" ><div id=\"panel-63-1-0-0\" class=\"so-panel widget widget_sow-editor panel-first-child panel-last-child\" data-index=\"1\" ><div\n\t\t\t\n\t\t\tclass=\"so-widget-sow-editor so-widget-sow-editor-base\"\n\t\t\t\n\t\t>\n<div class=\"siteorigin-widget-tinymce textwidget\">\n\t<div class=\"siteorigin-widget-tinymce textwidget\">\n<p>Unsere vier Ferienh\u00e4user bestehen aus massiver Polarkiefer. Alle sind 1,5 geschossig, hochwertig m\u00f6biliert und strahlen Atmosph\u00e4re und Gem\u00fctlichkeit aus.<\/p>\n<p>Ein ca. 35 m\u00b2 gro\u00dfer Wohn-Essraum mit kompletter K\u00fcchenzeile, 3 Schlafzimmer und ein Bad bieten 5 Personen ausreichend Platz. Jedes Haus hat zudem eine eigene Sauna, eine kleine \u00fcberdachte Loggia und eine ca. 25 m\u00b2 gro\u00dfe Terrasse.<\/p>\n<\/div>\n<\/div>\n<\/div><\/div><\/div><div id=\"pgc-63-1-1\"  class=\"panel-grid-cell\" ><div id=\"panel-63-1-1-0\" class=\"so-panel widget widget_sow-slider panel-first-child panel-last-child\" data-index=\"2\" ><div\n\t\t\t\n\t\t\tclass=\"so-widget-sow-slider so-widget-sow-slider-default-6d39609536fd-63\"\n\t\t\t\n\t\t>\t\t\t\t<div class=\"sow-slider-base\" style=\"display: none\" tabindex=\"0\">\n\t\t\t\t\t<ul\n\t\t\t\t\tclass=\"sow-slider-images\"\n\t\t\t\t\tdata-settings=\"{&quot;pagination&quot;:true,&quot;speed&quot;:2000,&quot;timeout&quot;:10000,&quot;paused&quot;:false,&quot;pause_on_hover&quot;:false,&quot;swipe&quot;:true,&quot;nav_always_show_desktop&quot;:&quot;&quot;,&quot;nav_always_show_mobile&quot;:&quot;&quot;,&quot;breakpoint&quot;:&quot;780px&quot;,&quot;unmute&quot;:false,&quot;anchor&quot;:null}\"\n\t\t\t\t\t\t\t\t\t\tdata-anchor-id=\"\"\n\t\t\t\t>\t\t<li class=\"sow-slider-image\" style=\"visibility: visible;\" >\n\t\t\t\t\t\t<img fetchpriority=\"high\" decoding=\"async\" width=\"800\" height=\"530\" src=\"https:\/\/www.ferienanlage-doll.de\/wp-content\/uploads\/2019\/05\/fh_1_800x530p.jpg\" class=\"sow-slider-background-image\" alt=\"\" style=\"\" srcset=\"https:\/\/www.ferienanlage-doll.de\/wp-content\/uploads\/2019\/05\/fh_1_800x530p.jpg 800w, https:\/\/www.ferienanlage-doll.de\/wp-content\/uploads\/2019\/05\/fh_1_800x530p-300x199.jpg 300w, https:\/\/www.ferienanlage-doll.de\/wp-content\/uploads\/2019\/05\/fh_1_800x530p-768x509.jpg 768w\" sizes=\"(max-width: 800px) 100vw, 800px\" \/>\t\t<\/li>\n\t\t\t\t<li class=\"sow-slider-image\" style=\"visibility: hidden;\" >\n\t\t\t\t\t\t<img decoding=\"async\" width=\"800\" height=\"530\" src=\"https:\/\/www.ferienanlage-doll.de\/wp-content\/uploads\/2019\/05\/fh_2_800x530p.jpg\" class=\"sow-slider-background-image\" alt=\"\" style=\"\" srcset=\"https:\/\/www.ferienanlage-doll.de\/wp-content\/uploads\/2019\/05\/fh_2_800x530p.jpg 800w, https:\/\/www.ferienanlage-doll.de\/wp-content\/uploads\/2019\/05\/fh_2_800x530p-300x199.jpg 300w, https:\/\/www.ferienanlage-doll.de\/wp-content\/uploads\/2019\/05\/fh_2_800x530p-768x509.jpg 768w\" sizes=\"(max-width: 800px) 100vw, 800px\" \/>\t\t<\/li>\n\t\t\t\t<li class=\"sow-slider-image\" style=\"visibility: hidden;\" >\n\t\t\t\t\t\t<img decoding=\"async\" width=\"800\" height=\"530\" src=\"https:\/\/www.ferienanlage-doll.de\/wp-content\/uploads\/2019\/05\/fh_3_800x530p.jpg\" class=\"sow-slider-background-image\" alt=\"\" style=\"\" srcset=\"https:\/\/www.ferienanlage-doll.de\/wp-content\/uploads\/2019\/05\/fh_3_800x530p.jpg 800w, https:\/\/www.ferienanlage-doll.de\/wp-content\/uploads\/2019\/05\/fh_3_800x530p-300x199.jpg 300w, https:\/\/www.ferienanlage-doll.de\/wp-content\/uploads\/2019\/05\/fh_3_800x530p-768x509.jpg 768w\" sizes=\"(max-width: 800px) 100vw, 800px\" \/>\t\t<\/li>\n\t\t\t\t<li class=\"sow-slider-image\" style=\"visibility: hidden;\" >\n\t\t\t\t\t\t<img loading=\"lazy\" decoding=\"async\" width=\"800\" height=\"530\" src=\"https:\/\/www.ferienanlage-doll.de\/wp-content\/uploads\/2019\/05\/fh_4_800x530p.jpg\" class=\"sow-slider-background-image\" alt=\"\" style=\"\" srcset=\"https:\/\/www.ferienanlage-doll.de\/wp-content\/uploads\/2019\/05\/fh_4_800x530p.jpg 800w, https:\/\/www.ferienanlage-doll.de\/wp-content\/uploads\/2019\/05\/fh_4_800x530p-300x199.jpg 300w, https:\/\/www.ferienanlage-doll.de\/wp-content\/uploads\/2019\/05\/fh_4_800x530p-768x509.jpg 768w\" sizes=\"(max-width: 800px) 100vw, 800px\" \/>\t\t<\/li>\n\t\t\t\t<li class=\"sow-slider-image\" style=\"visibility: hidden;\" >\n\t\t\t\t\t\t<img loading=\"lazy\" decoding=\"async\" width=\"800\" height=\"530\" src=\"https:\/\/www.ferienanlage-doll.de\/wp-content\/uploads\/2019\/05\/fh_5_800x530p.jpg\" class=\"sow-slider-background-image\" alt=\"\" style=\"\" srcset=\"https:\/\/www.ferienanlage-doll.de\/wp-content\/uploads\/2019\/05\/fh_5_800x530p.jpg 800w, https:\/\/www.ferienanlage-doll.de\/wp-content\/uploads\/2019\/05\/fh_5_800x530p-300x199.jpg 300w, https:\/\/www.ferienanlage-doll.de\/wp-content\/uploads\/2019\/05\/fh_5_800x530p-768x509.jpg 768w\" sizes=\"(max-width: 800px) 100vw, 800px\" \/>\t\t<\/li>\n\t\t\t\t<li class=\"sow-slider-image\" style=\"visibility: hidden;\" >\n\t\t\t\t\t\t<img loading=\"lazy\" decoding=\"async\" width=\"800\" height=\"530\" src=\"https:\/\/www.ferienanlage-doll.de\/wp-content\/uploads\/2019\/05\/fh_6_800x530p.jpg\" class=\"sow-slider-background-image\" alt=\"\" style=\"\" srcset=\"https:\/\/www.ferienanlage-doll.de\/wp-content\/uploads\/2019\/05\/fh_6_800x530p.jpg 800w, https:\/\/www.ferienanlage-doll.de\/wp-content\/uploads\/2019\/05\/fh_6_800x530p-300x199.jpg 300w, https:\/\/www.ferienanlage-doll.de\/wp-content\/uploads\/2019\/05\/fh_6_800x530p-768x509.jpg 768w\" sizes=\"(max-width: 800px) 100vw, 800px\" \/>\t\t<\/li>\n\t\t\t\t<li class=\"sow-slider-image\" style=\"visibility: hidden;\" >\n\t\t\t\t\t\t<img loading=\"lazy\" decoding=\"async\" width=\"800\" height=\"530\" src=\"https:\/\/www.ferienanlage-doll.de\/wp-content\/uploads\/2019\/05\/fh_7_800x530p.jpg\" class=\"sow-slider-background-image\" alt=\"\" style=\"\" srcset=\"https:\/\/www.ferienanlage-doll.de\/wp-content\/uploads\/2019\/05\/fh_7_800x530p.jpg 800w, https:\/\/www.ferienanlage-doll.de\/wp-content\/uploads\/2019\/05\/fh_7_800x530p-300x199.jpg 300w, https:\/\/www.ferienanlage-doll.de\/wp-content\/uploads\/2019\/05\/fh_7_800x530p-768x509.jpg 768w\" sizes=\"(max-width: 800px) 100vw, 800px\" \/>\t\t<\/li>\n\t\t<\/ul>\t\t\t\t<ol class=\"sow-slider-pagination\">\n\t\t\t\t\t\t\t\t\t\t\t<li><a href=\"#\" data-goto=\"0\" aria-label=\"Display slide 1\"><\/a><\/li>\n\t\t\t\t\t\t\t\t\t\t\t<li><a href=\"#\" data-goto=\"1\" aria-label=\"Display slide 2\"><\/a><\/li>\n\t\t\t\t\t\t\t\t\t\t\t<li><a href=\"#\" data-goto=\"2\" aria-label=\"Display slide 3\"><\/a><\/li>\n\t\t\t\t\t\t\t\t\t\t\t<li><a href=\"#\" data-goto=\"3\" aria-label=\"Display slide 4\"><\/a><\/li>\n\t\t\t\t\t\t\t\t\t\t\t<li><a href=\"#\" data-goto=\"4\" aria-label=\"Display slide 5\"><\/a><\/li>\n\t\t\t\t\t\t\t\t\t\t\t<li><a href=\"#\" data-goto=\"5\" aria-label=\"Display slide 6\"><\/a><\/li>\n\t\t\t\t\t\t\t\t\t\t\t<li><a href=\"#\" data-goto=\"6\" aria-label=\"Display slide 7\"><\/a><\/li>\n\t\t\t\t\t\t\t\t\t<\/ol>\n\n\t\t\t\t<div class=\"sow-slide-nav sow-slide-nav-next\">\n\t\t\t\t\t<a href=\"#\" data-goto=\"next\" aria-label=\"Next slide\" data-action=\"next\">\n\t\t\t\t\t\t<em class=\"sow-sld-icon-thin-right\"><\/em>\n\t\t\t\t\t<\/a>\n\t\t\t\t<\/div>\n\n\t\t\t\t<div class=\"sow-slide-nav sow-slide-nav-prev\">\n\t\t\t\t\t<a href=\"#\" data-goto=\"previous\" aria-label=\"Previous slide\" data-action=\"prev\">\n\t\t\t\t\t\t<em class=\"sow-sld-icon-thin-left\"><\/em>\n\t\t\t\t\t<\/a>\n\t\t\t\t<\/div>\n\t\t\t\t<\/div><\/div><\/div><\/div><\/div><\/div>","protected":false},"excerpt":{"rendered":"<p>Unsere Ferienh\u00e4user Unsere vier Ferienh\u00e4user bestehen aus massiver Polarkiefer. Alle sind 1,5 geschossig, hochwertig m\u00f6biliert und strahlen Atmosph\u00e4re und Gem\u00fctlichkeit aus. Ein ca. 35 m\u00b2 gro\u00dfer Wohn-Essraum mit kompletter K\u00fcchenzeile, 3 Schlafzimmer und ein Bad bieten 5 Personen ausreichend Platz. Jedes Haus hat zudem eine eigene Sauna, eine kleine \u00fcberdachte Loggia und eine ca. 25&hellip; <br \/> <a class=\"read-more\" href=\"https:\/\/www.ferienanlage-doll.de\/?page_id=63\">Read more<\/a><\/p>\n","protected":false},"author":1,"featured_media":0,"parent":0,"menu_order":0,"comment_status":"closed","ping_status":"closed","template":"","meta":{"footnotes":""},"class_list":["post-63","page","type-page","status-publish","hentry"],"yoast_head":"<!-- This site is optimized with the Yoast SEO plugin v26.7 - https:\/\/yoast.com\/wordpress\/plugins\/seo\/ -->\n<title>Ferienh\u00e4user - Ferienanlage-Doll.de<\/title>\n<meta name=\"robots\" content=\"index, follow, max-snippet:-1, max-image-preview:large, max-video-preview:-1\" \/>\n<link rel=\"canonical\" href=\"https:\/\/www.ferienanlage-doll.de\/?page_id=63\" \/>\n<meta property=\"og:locale\" content=\"de_DE\" \/>\n<meta property=\"og:type\" content=\"article\" \/>\n<meta property=\"og:title\" content=\"Ferienh\u00e4user - Ferienanlage-Doll.de\" \/>\n<meta property=\"og:description\" content=\"Unsere Ferienh\u00e4user Unsere vier Ferienh\u00e4user bestehen aus massiver Polarkiefer. Alle sind 1,5 geschossig, hochwertig m\u00f6biliert und strahlen Atmosph\u00e4re und Gem\u00fctlichkeit aus. Ein ca. 35 m\u00b2 gro\u00dfer Wohn-Essraum mit kompletter K\u00fcchenzeile, 3 Schlafzimmer und ein Bad bieten 5 Personen ausreichend Platz. Jedes Haus hat zudem eine eigene Sauna, eine kleine \u00fcberdachte Loggia und eine ca. 25&hellip; Read more\" \/>\n<meta property=\"og:url\" content=\"https:\/\/www.ferienanlage-doll.de\/?page_id=63\" \/>\n<meta property=\"og:site_name\" content=\"Ferienanlage-Doll.de\" \/>\n<meta property=\"article:modified_time\" content=\"2020-07-17T10:11:59+00:00\" \/>\n<meta name=\"twitter:card\" content=\"summary_large_image\" \/>\n<script type=\"application\/ld+json\" class=\"yoast-schema-graph\">{\"@context\":\"https:\/\/schema.org\",\"@graph\":[{\"@type\":\"WebPage\",\"@id\":\"https:\/\/www.ferienanlage-doll.de\/?page_id=63\",\"url\":\"https:\/\/www.ferienanlage-doll.de\/?page_id=63\",\"name\":\"Ferienh\u00e4user - Ferienanlage-Doll.de\",\"isPartOf\":{\"@id\":\"https:\/\/www.ferienanlage-doll.de\/#website\"},\"datePublished\":\"2019-01-28T13:34:38+00:00\",\"dateModified\":\"2020-07-17T10:11:59+00:00\",\"breadcrumb\":{\"@id\":\"https:\/\/www.ferienanlage-doll.de\/?page_id=63#breadcrumb\"},\"inLanguage\":\"de\",\"potentialAction\":[{\"@type\":\"ReadAction\",\"target\":[\"https:\/\/www.ferienanlage-doll.de\/?page_id=63\"]}]},{\"@type\":\"BreadcrumbList\",\"@id\":\"https:\/\/www.ferienanlage-doll.de\/?page_id=63#breadcrumb\",\"itemListElement\":[{\"@type\":\"ListItem\",\"position\":1,\"name\":\"Startseite\",\"item\":\"https:\/\/www.ferienanlage-doll.de\/?page_id=218\"},{\"@type\":\"ListItem\",\"position\":2,\"name\":\"Ferienh\u00e4user\"}]},{\"@type\":\"WebSite\",\"@id\":\"https:\/\/www.ferienanlage-doll.de\/#website\",\"url\":\"https:\/\/www.ferienanlage-doll.de\/\",\"name\":\"Ferienanlage-Doll.de\",\"description\":\"\",\"publisher\":{\"@id\":\"https:\/\/www.ferienanlage-doll.de\/#organization\"},\"potentialAction\":[{\"@type\":\"SearchAction\",\"target\":{\"@type\":\"EntryPoint\",\"urlTemplate\":\"https:\/\/www.ferienanlage-doll.de\/?s={search_term_string}\"},\"query-input\":{\"@type\":\"PropertyValueSpecification\",\"valueRequired\":true,\"valueName\":\"search_term_string\"}}],\"inLanguage\":\"de\"},{\"@type\":\"Organization\",\"@id\":\"https:\/\/www.ferienanlage-doll.de\/#organization\",\"name\":\"Ferienanlage Doll\",\"url\":\"https:\/\/www.ferienanlage-doll.de\/\",\"logo\":{\"@type\":\"ImageObject\",\"inLanguage\":\"de\",\"@id\":\"https:\/\/www.ferienanlage-doll.de\/#\/schema\/logo\/image\/\",\"url\":\"https:\/\/www.ferienanlage-doll.de\/wp-content\/uploads\/2019\/04\/cropped-schriftzug-doll.png\",\"contentUrl\":\"https:\/\/www.ferienanlage-doll.de\/wp-content\/uploads\/2019\/04\/cropped-schriftzug-doll.png\",\"width\":2894,\"height\":378,\"caption\":\"Ferienanlage Doll\"},\"image\":{\"@id\":\"https:\/\/www.ferienanlage-doll.de\/#\/schema\/logo\/image\/\"}}]}<\/script>\n<!-- \/ Yoast SEO plugin. -->","yoast_head_json":{"title":"Ferienh\u00e4user - Ferienanlage-Doll.de","robots":{"index":"index","follow":"follow","max-snippet":"max-snippet:-1","max-image-preview":"max-image-preview:large","max-video-preview":"max-video-preview:-1"},"canonical":"https:\/\/www.ferienanlage-doll.de\/?page_id=63","og_locale":"de_DE","og_type":"article","og_title":"Ferienh\u00e4user - Ferienanlage-Doll.de","og_description":"Unsere Ferienh\u00e4user Unsere vier Ferienh\u00e4user bestehen aus massiver Polarkiefer. Alle sind 1,5 geschossig, hochwertig m\u00f6biliert und strahlen Atmosph\u00e4re und Gem\u00fctlichkeit aus. Ein ca. 35 m\u00b2 gro\u00dfer Wohn-Essraum mit kompletter K\u00fcchenzeile, 3 Schlafzimmer und ein Bad bieten 5 Personen ausreichend Platz. Jedes Haus hat zudem eine eigene Sauna, eine kleine \u00fcberdachte Loggia und eine ca. 25&hellip; Read more","og_url":"https:\/\/www.ferienanlage-doll.de\/?page_id=63","og_site_name":"Ferienanlage-Doll.de","article_modified_time":"2020-07-17T10:11:59+00:00","twitter_card":"summary_large_image","schema":{"@context":"https:\/\/schema.org","@graph":[{"@type":"WebPage","@id":"https:\/\/www.ferienanlage-doll.de\/?page_id=63","url":"https:\/\/www.ferienanlage-doll.de\/?page_id=63","name":"Ferienh\u00e4user - Ferienanlage-Doll.de","isPartOf":{"@id":"https:\/\/www.ferienanlage-doll.de\/#website"},"datePublished":"2019-01-28T13:34:38+00:00","dateModified":"2020-07-17T10:11:59+00:00","breadcrumb":{"@id":"https:\/\/www.ferienanlage-doll.de\/?page_id=63#breadcrumb"},"inLanguage":"de","potentialAction":[{"@type":"ReadAction","target":["https:\/\/www.ferienanlage-doll.de\/?page_id=63"]}]},{"@type":"BreadcrumbList","@id":"https:\/\/www.ferienanlage-doll.de\/?page_id=63#breadcrumb","itemListElement":[{"@type":"ListItem","position":1,"name":"Startseite","item":"https:\/\/www.ferienanlage-doll.de\/?page_id=218"},{"@type":"ListItem","position":2,"name":"Ferienh\u00e4user"}]},{"@type":"WebSite","@id":"https:\/\/www.ferienanlage-doll.de\/#website","url":"https:\/\/www.ferienanlage-doll.de\/","name":"Ferienanlage-Doll.de","description":"","publisher":{"@id":"https:\/\/www.ferienanlage-doll.de\/#organization"},"potentialAction":[{"@type":"SearchAction","target":{"@type":"EntryPoint","urlTemplate":"https:\/\/www.ferienanlage-doll.de\/?s={search_term_string}"},"query-input":{"@type":"PropertyValueSpecification","valueRequired":true,"valueName":"search_term_string"}}],"inLanguage":"de"},{"@type":"Organization","@id":"https:\/\/www.ferienanlage-doll.de\/#organization","name":"Ferienanlage Doll","url":"https:\/\/www.ferienanlage-doll.de\/","logo":{"@type":"ImageObject","inLanguage":"de","@id":"https:\/\/www.ferienanlage-doll.de\/#\/schema\/logo\/image\/","url":"https:\/\/www.ferienanlage-doll.de\/wp-content\/uploads\/2019\/04\/cropped-schriftzug-doll.png","contentUrl":"https:\/\/www.ferienanlage-doll.de\/wp-content\/uploads\/2019\/04\/cropped-schriftzug-doll.png","width":2894,"height":378,"caption":"Ferienanlage Doll"},"image":{"@id":"https:\/\/www.ferienanlage-doll.de\/#\/schema\/logo\/image\/"}}]}},"_links":{"self":[{"href":"https:\/\/www.ferienanlage-doll.de\/index.php?rest_route=\/wp\/v2\/pages\/63","targetHints":{"allow":["GET"]}}],"collection":[{"href":"https:\/\/www.ferienanlage-doll.de\/index.php?rest_route=\/wp\/v2\/pages"}],"about":[{"href":"https:\/\/www.ferienanlage-doll.de\/index.php?rest_route=\/wp\/v2\/types\/page"}],"author":[{"embeddable":true,"href":"https:\/\/www.ferienanlage-doll.de\/index.php?rest_route=\/wp\/v2\/users\/1"}],"replies":[{"embeddable":true,"href":"https:\/\/www.ferienanlage-doll.de\/index.php?rest_route=%2Fwp%2Fv2%2Fcomments&post=63"}],"version-history":[{"count":26,"href":"https:\/\/www.ferienanlage-doll.de\/index.php?rest_route=\/wp\/v2\/pages\/63\/revisions"}],"predecessor-version":[{"id":785,"href":"https:\/\/www.ferienanlage-doll.de\/index.php?rest_route=\/wp\/v2\/pages\/63\/revisions\/785"}],"wp:attachment":[{"href":"https:\/\/www.ferienanlage-doll.de\/index.php?rest_route=%2Fwp%2Fv2%2Fmedia&parent=63"}],"curies":[{"name":"wp","href":"https:\/\/api.w.org\/{rel}","templated":true}]}}