{"id":67,"date":"2019-01-28T13:35:06","date_gmt":"2019-01-28T13:35:06","guid":{"rendered":"http:\/\/neu.ferienanlage-doll.de\/?page_id=67"},"modified":"2019-06-16T14:05:03","modified_gmt":"2019-06-16T14:05:03","slug":"umgebung","status":"publish","type":"page","link":"https:\/\/www.ferienanlage-doll.de\/?page_id=67","title":{"rendered":"Umgebung"},"content":{"rendered":"<div id=\"pl-67\"  class=\"panel-layout\" ><div id=\"pg-67-0\"  class=\"panel-grid panel-no-style\" ><div id=\"pgc-67-0-0\"  class=\"panel-grid-cell\" ><div id=\"panel-67-0-0-0\" class=\"so-panel widget widget_sow-editor panel-first-child panel-last-child\" data-index=\"0\" ><div\n\t\t\t\n\t\t\tclass=\"so-widget-sow-editor so-widget-sow-editor-base\"\n\t\t\t\n\t\t><h3 class=\"widget-title\">Umgebung &amp; Natur<\/h3>\n<div class=\"siteorigin-widget-tinymce textwidget\">\n\t<p>Neuendorf A liegt in einem Mischwaldg\u00fcrtel und zwischen der Ueckerm\u00fcnder Heide und der Friedl\u00e4nder gro\u00dfen Wiese, ca 8km vom Stettiner Haff entfernt.<\/p>\n<p>Die Haffb\u00e4der M\u00f6nkebude und Ueckerm\u00fcnde erreicht man in ca 15 Autominuten. Die Insel Usedom ist \u00fcber de Zecheriner Br\u00fccke 30km, und die Kaiserb\u00e4der Ahlbeck und Heringsdorf nur etwa 65 km entfernt.<\/p>\n<\/div>\n<\/div><\/div><\/div><div id=\"pgc-67-0-1\"  class=\"panel-grid-cell\" ><div id=\"panel-67-0-1-0\" class=\"so-panel widget widget_sow-slider panel-first-child panel-last-child\" data-index=\"1\" ><div\n\t\t\t\n\t\t\tclass=\"so-widget-sow-slider so-widget-sow-slider-default-6d39609536fd-67\"\n\t\t\t\n\t\t>\t\t\t\t<div class=\"sow-slider-base\" style=\"display: none\" tabindex=\"0\">\n\t\t\t\t\t<ul\n\t\t\t\t\tclass=\"sow-slider-images\"\n\t\t\t\t\tdata-settings=\"{&quot;pagination&quot;:true,&quot;speed&quot;:2000,&quot;timeout&quot;:10000,&quot;paused&quot;:false,&quot;pause_on_hover&quot;:false,&quot;swipe&quot;:true,&quot;nav_always_show_desktop&quot;:&quot;&quot;,&quot;nav_always_show_mobile&quot;:&quot;&quot;,&quot;breakpoint&quot;:&quot;780px&quot;,&quot;unmute&quot;:false,&quot;anchor&quot;:null}\"\n\t\t\t\t\t\t\t\t\t\tdata-anchor-id=\"\"\n\t\t\t\t>\t\t<li class=\"sow-slider-image\" style=\"visibility: visible;\" >\n\t\t\t\t\t\t<img fetchpriority=\"high\" decoding=\"async\" width=\"1920\" height=\"1284\" src=\"https:\/\/www.ferienanlage-doll.de\/wp-content\/uploads\/2019\/04\/groynes-339252_1920.jpg\" class=\"sow-slider-background-image\" alt=\"\" style=\"\" srcset=\"https:\/\/www.ferienanlage-doll.de\/wp-content\/uploads\/2019\/04\/groynes-339252_1920.jpg 1920w, https:\/\/www.ferienanlage-doll.de\/wp-content\/uploads\/2019\/04\/groynes-339252_1920-300x201.jpg 300w, https:\/\/www.ferienanlage-doll.de\/wp-content\/uploads\/2019\/04\/groynes-339252_1920-768x514.jpg 768w, https:\/\/www.ferienanlage-doll.de\/wp-content\/uploads\/2019\/04\/groynes-339252_1920-1024x685.jpg 1024w, https:\/\/www.ferienanlage-doll.de\/wp-content\/uploads\/2019\/04\/groynes-339252_1920-1615x1080.jpg 1615w, https:\/\/www.ferienanlage-doll.de\/wp-content\/uploads\/2019\/04\/groynes-339252_1920-272x182.jpg 272w\" sizes=\"(max-width: 1920px) 100vw, 1920px\" \/>\t\t<\/li>\n\t\t\t\t<li class=\"sow-slider-image\" style=\"visibility: hidden;\" >\n\t\t\t\t\t\t<img decoding=\"async\" width=\"1920\" height=\"1280\" src=\"https:\/\/www.ferienanlage-doll.de\/wp-content\/uploads\/2019\/04\/canoeing-688128_1920.jpg\" class=\"sow-slider-background-image\" alt=\"\" style=\"\" srcset=\"https:\/\/www.ferienanlage-doll.de\/wp-content\/uploads\/2019\/04\/canoeing-688128_1920.jpg 1920w, https:\/\/www.ferienanlage-doll.de\/wp-content\/uploads\/2019\/04\/canoeing-688128_1920-300x200.jpg 300w, https:\/\/www.ferienanlage-doll.de\/wp-content\/uploads\/2019\/04\/canoeing-688128_1920-768x512.jpg 768w, https:\/\/www.ferienanlage-doll.de\/wp-content\/uploads\/2019\/04\/canoeing-688128_1920-1024x683.jpg 1024w, https:\/\/www.ferienanlage-doll.de\/wp-content\/uploads\/2019\/04\/canoeing-688128_1920-1620x1080.jpg 1620w, https:\/\/www.ferienanlage-doll.de\/wp-content\/uploads\/2019\/04\/canoeing-688128_1920-272x182.jpg 272w\" sizes=\"(max-width: 1920px) 100vw, 1920px\" \/>\t\t<\/li>\n\t\t\t\t<li class=\"sow-slider-image\" style=\"visibility: hidden;\" >\n\t\t\t\t\t\t<img decoding=\"async\" width=\"800\" height=\"530\" src=\"https:\/\/www.ferienanlage-doll.de\/wp-content\/uploads\/2019\/06\/stockvault-sunset-baltic-sea138893_small.jpg\" class=\"sow-slider-background-image\" alt=\"\" style=\"\" srcset=\"https:\/\/www.ferienanlage-doll.de\/wp-content\/uploads\/2019\/06\/stockvault-sunset-baltic-sea138893_small.jpg 800w, https:\/\/www.ferienanlage-doll.de\/wp-content\/uploads\/2019\/06\/stockvault-sunset-baltic-sea138893_small-300x199.jpg 300w, https:\/\/www.ferienanlage-doll.de\/wp-content\/uploads\/2019\/06\/stockvault-sunset-baltic-sea138893_small-768x509.jpg 768w\" sizes=\"(max-width: 800px) 100vw, 800px\" \/>\t\t<\/li>\n\t\t\t\t<li class=\"sow-slider-image\" style=\"visibility: hidden;\" >\n\t\t\t\t\t\t<img loading=\"lazy\" decoding=\"async\" width=\"800\" height=\"530\" src=\"https:\/\/www.ferienanlage-doll.de\/wp-content\/uploads\/2019\/06\/stettiner-haff-3408826_1920_small.jpg\" class=\"sow-slider-background-image\" alt=\"\" style=\"\" srcset=\"https:\/\/www.ferienanlage-doll.de\/wp-content\/uploads\/2019\/06\/stettiner-haff-3408826_1920_small.jpg 800w, https:\/\/www.ferienanlage-doll.de\/wp-content\/uploads\/2019\/06\/stettiner-haff-3408826_1920_small-300x199.jpg 300w, https:\/\/www.ferienanlage-doll.de\/wp-content\/uploads\/2019\/06\/stettiner-haff-3408826_1920_small-768x509.jpg 768w\" sizes=\"(max-width: 800px) 100vw, 800px\" \/>\t\t<\/li>\n\t\t\t\t<li class=\"sow-slider-image\" style=\"visibility: hidden;\" >\n\t\t\t\t\t\t<img loading=\"lazy\" decoding=\"async\" width=\"800\" height=\"530\" src=\"https:\/\/www.ferienanlage-doll.de\/wp-content\/uploads\/2019\/06\/sea-bridge-1751866_1920_small.jpg\" class=\"sow-slider-background-image\" alt=\"\" style=\"\" srcset=\"https:\/\/www.ferienanlage-doll.de\/wp-content\/uploads\/2019\/06\/sea-bridge-1751866_1920_small.jpg 800w, https:\/\/www.ferienanlage-doll.de\/wp-content\/uploads\/2019\/06\/sea-bridge-1751866_1920_small-300x199.jpg 300w, https:\/\/www.ferienanlage-doll.de\/wp-content\/uploads\/2019\/06\/sea-bridge-1751866_1920_small-768x509.jpg 768w\" sizes=\"(max-width: 800px) 100vw, 800px\" \/>\t\t<\/li>\n\t\t\t\t<li class=\"sow-slider-image\" style=\"visibility: hidden;\" >\n\t\t\t\t\t\t<img loading=\"lazy\" decoding=\"async\" width=\"800\" height=\"530\" src=\"https:\/\/www.ferienanlage-doll.de\/wp-content\/uploads\/2019\/06\/nature-reserve-3634523_1920_small.jpg\" class=\"sow-slider-background-image\" alt=\"\" style=\"\" srcset=\"https:\/\/www.ferienanlage-doll.de\/wp-content\/uploads\/2019\/06\/nature-reserve-3634523_1920_small.jpg 800w, https:\/\/www.ferienanlage-doll.de\/wp-content\/uploads\/2019\/06\/nature-reserve-3634523_1920_small-300x199.jpg 300w, https:\/\/www.ferienanlage-doll.de\/wp-content\/uploads\/2019\/06\/nature-reserve-3634523_1920_small-768x509.jpg 768w\" sizes=\"(max-width: 800px) 100vw, 800px\" \/>\t\t<\/li>\n\t\t\t\t<li class=\"sow-slider-image\" style=\"visibility: hidden;\" >\n\t\t\t\t\t\t<img loading=\"lazy\" decoding=\"async\" width=\"800\" height=\"530\" src=\"https:\/\/www.ferienanlage-doll.de\/wp-content\/uploads\/2019\/06\/groynes-3044711_1920_small.jpg\" class=\"sow-slider-background-image\" alt=\"\" style=\"\" srcset=\"https:\/\/www.ferienanlage-doll.de\/wp-content\/uploads\/2019\/06\/groynes-3044711_1920_small.jpg 800w, https:\/\/www.ferienanlage-doll.de\/wp-content\/uploads\/2019\/06\/groynes-3044711_1920_small-300x199.jpg 300w, https:\/\/www.ferienanlage-doll.de\/wp-content\/uploads\/2019\/06\/groynes-3044711_1920_small-768x509.jpg 768w\" sizes=\"(max-width: 800px) 100vw, 800px\" \/>\t\t<\/li>\n\t\t\t\t<li class=\"sow-slider-image\" style=\"visibility: hidden;\" >\n\t\t\t\t\t\t<img loading=\"lazy\" decoding=\"async\" width=\"800\" height=\"530\" src=\"https:\/\/www.ferienanlage-doll.de\/wp-content\/uploads\/2019\/06\/forest-972800_1920_small.jpg\" class=\"sow-slider-background-image\" alt=\"\" style=\"\" srcset=\"https:\/\/www.ferienanlage-doll.de\/wp-content\/uploads\/2019\/06\/forest-972800_1920_small.jpg 800w, https:\/\/www.ferienanlage-doll.de\/wp-content\/uploads\/2019\/06\/forest-972800_1920_small-300x199.jpg 300w, https:\/\/www.ferienanlage-doll.de\/wp-content\/uploads\/2019\/06\/forest-972800_1920_small-768x509.jpg 768w\" sizes=\"(max-width: 800px) 100vw, 800px\" \/>\t\t<\/li>\n\t\t\t\t<li class=\"sow-slider-image\" style=\"visibility: hidden;\" >\n\t\t\t\t\t\t<img loading=\"lazy\" decoding=\"async\" width=\"800\" height=\"530\" src=\"https:\/\/www.ferienanlage-doll.de\/wp-content\/uploads\/2019\/06\/169_small.jpg\" class=\"sow-slider-background-image\" alt=\"\" style=\"\" srcset=\"https:\/\/www.ferienanlage-doll.de\/wp-content\/uploads\/2019\/06\/169_small.jpg 800w, https:\/\/www.ferienanlage-doll.de\/wp-content\/uploads\/2019\/06\/169_small-300x199.jpg 300w, https:\/\/www.ferienanlage-doll.de\/wp-content\/uploads\/2019\/06\/169_small-768x509.jpg 768w\" sizes=\"(max-width: 800px) 100vw, 800px\" \/>\t\t<\/li>\n\t\t<\/ul>\t\t\t\t<ol class=\"sow-slider-pagination\">\n\t\t\t\t\t\t\t\t\t\t\t<li><a href=\"#\" data-goto=\"0\" aria-label=\"Display slide 1\"><\/a><\/li>\n\t\t\t\t\t\t\t\t\t\t\t<li><a href=\"#\" data-goto=\"1\" aria-label=\"Display slide 2\"><\/a><\/li>\n\t\t\t\t\t\t\t\t\t\t\t<li><a href=\"#\" data-goto=\"2\" aria-label=\"Display slide 3\"><\/a><\/li>\n\t\t\t\t\t\t\t\t\t\t\t<li><a href=\"#\" data-goto=\"3\" aria-label=\"Display slide 4\"><\/a><\/li>\n\t\t\t\t\t\t\t\t\t\t\t<li><a href=\"#\" data-goto=\"4\" aria-label=\"Display slide 5\"><\/a><\/li>\n\t\t\t\t\t\t\t\t\t\t\t<li><a href=\"#\" data-goto=\"5\" aria-label=\"Display slide 6\"><\/a><\/li>\n\t\t\t\t\t\t\t\t\t\t\t<li><a href=\"#\" data-goto=\"6\" aria-label=\"Display slide 7\"><\/a><\/li>\n\t\t\t\t\t\t\t\t\t\t\t<li><a href=\"#\" data-goto=\"7\" aria-label=\"Display slide 8\"><\/a><\/li>\n\t\t\t\t\t\t\t\t\t\t\t<li><a href=\"#\" data-goto=\"8\" aria-label=\"Display slide 9\"><\/a><\/li>\n\t\t\t\t\t\t\t\t\t<\/ol>\n\n\t\t\t\t<div class=\"sow-slide-nav sow-slide-nav-next\">\n\t\t\t\t\t<a href=\"#\" data-goto=\"next\" aria-label=\"Next slide\" data-action=\"next\">\n\t\t\t\t\t\t<em class=\"sow-sld-icon-thin-right\"><\/em>\n\t\t\t\t\t<\/a>\n\t\t\t\t<\/div>\n\n\t\t\t\t<div class=\"sow-slide-nav sow-slide-nav-prev\">\n\t\t\t\t\t<a href=\"#\" data-goto=\"previous\" aria-label=\"Previous slide\" data-action=\"prev\">\n\t\t\t\t\t\t<em class=\"sow-sld-icon-thin-left\"><\/em>\n\t\t\t\t\t<\/a>\n\t\t\t\t<\/div>\n\t\t\t\t<\/div><\/div><\/div><\/div><\/div><\/div>","protected":false},"excerpt":{"rendered":"<p>Neuendorf A liegt in einem Mischwaldg\u00fcrtel und zwischen der Ueckerm\u00fcnder Heide und der Friedl\u00e4nder gro\u00dfen Wiese, ca 8km vom Stettiner Haff entfernt. Die Haffb\u00e4der M\u00f6nkebude und Ueckerm\u00fcnde erreicht man in ca 15 Autominuten. Die Insel Usedom ist \u00fcber de Zecheriner Br\u00fccke 30km, und die Kaiserb\u00e4der Ahlbeck und Heringsdorf nur etwa 65 km entfernt.<\/p>\n","protected":false},"author":1,"featured_media":0,"parent":0,"menu_order":0,"comment_status":"closed","ping_status":"closed","template":"","meta":{"footnotes":""},"class_list":["post-67","page","type-page","status-publish","hentry"],"yoast_head":"<!-- This site is optimized with the Yoast SEO plugin v26.7 - https:\/\/yoast.com\/wordpress\/plugins\/seo\/ -->\n<title>Umgebung - Ferienanlage-Doll.de<\/title>\n<meta name=\"robots\" content=\"index, follow, max-snippet:-1, max-image-preview:large, max-video-preview:-1\" \/>\n<link rel=\"canonical\" href=\"https:\/\/www.ferienanlage-doll.de\/?page_id=67\" \/>\n<meta property=\"og:locale\" content=\"de_DE\" \/>\n<meta property=\"og:type\" content=\"article\" \/>\n<meta property=\"og:title\" content=\"Umgebung - Ferienanlage-Doll.de\" \/>\n<meta property=\"og:description\" content=\"Neuendorf A liegt in einem Mischwaldg\u00fcrtel und zwischen der Ueckerm\u00fcnder Heide und der Friedl\u00e4nder gro\u00dfen Wiese, ca 8km vom Stettiner Haff entfernt. Die Haffb\u00e4der M\u00f6nkebude und Ueckerm\u00fcnde erreicht man in ca 15 Autominuten. Die Insel Usedom ist \u00fcber de Zecheriner Br\u00fccke 30km, und die Kaiserb\u00e4der Ahlbeck und Heringsdorf nur etwa 65 km entfernt.\" \/>\n<meta property=\"og:url\" content=\"https:\/\/www.ferienanlage-doll.de\/?page_id=67\" \/>\n<meta property=\"og:site_name\" content=\"Ferienanlage-Doll.de\" \/>\n<meta property=\"article:modified_time\" content=\"2019-06-16T14:05:03+00:00\" \/>\n<meta name=\"twitter:card\" content=\"summary_large_image\" \/>\n<script type=\"application\/ld+json\" class=\"yoast-schema-graph\">{\"@context\":\"https:\/\/schema.org\",\"@graph\":[{\"@type\":\"WebPage\",\"@id\":\"https:\/\/www.ferienanlage-doll.de\/?page_id=67\",\"url\":\"https:\/\/www.ferienanlage-doll.de\/?page_id=67\",\"name\":\"Umgebung - Ferienanlage-Doll.de\",\"isPartOf\":{\"@id\":\"https:\/\/www.ferienanlage-doll.de\/#website\"},\"datePublished\":\"2019-01-28T13:35:06+00:00\",\"dateModified\":\"2019-06-16T14:05:03+00:00\",\"breadcrumb\":{\"@id\":\"https:\/\/www.ferienanlage-doll.de\/?page_id=67#breadcrumb\"},\"inLanguage\":\"de\",\"potentialAction\":[{\"@type\":\"ReadAction\",\"target\":[\"https:\/\/www.ferienanlage-doll.de\/?page_id=67\"]}]},{\"@type\":\"BreadcrumbList\",\"@id\":\"https:\/\/www.ferienanlage-doll.de\/?page_id=67#breadcrumb\",\"itemListElement\":[{\"@type\":\"ListItem\",\"position\":1,\"name\":\"Startseite\",\"item\":\"https:\/\/www.ferienanlage-doll.de\/?page_id=218\"},{\"@type\":\"ListItem\",\"position\":2,\"name\":\"Umgebung\"}]},{\"@type\":\"WebSite\",\"@id\":\"https:\/\/www.ferienanlage-doll.de\/#website\",\"url\":\"https:\/\/www.ferienanlage-doll.de\/\",\"name\":\"Ferienanlage-Doll.de\",\"description\":\"\",\"publisher\":{\"@id\":\"https:\/\/www.ferienanlage-doll.de\/#organization\"},\"potentialAction\":[{\"@type\":\"SearchAction\",\"target\":{\"@type\":\"EntryPoint\",\"urlTemplate\":\"https:\/\/www.ferienanlage-doll.de\/?s={search_term_string}\"},\"query-input\":{\"@type\":\"PropertyValueSpecification\",\"valueRequired\":true,\"valueName\":\"search_term_string\"}}],\"inLanguage\":\"de\"},{\"@type\":\"Organization\",\"@id\":\"https:\/\/www.ferienanlage-doll.de\/#organization\",\"name\":\"Ferienanlage Doll\",\"url\":\"https:\/\/www.ferienanlage-doll.de\/\",\"logo\":{\"@type\":\"ImageObject\",\"inLanguage\":\"de\",\"@id\":\"https:\/\/www.ferienanlage-doll.de\/#\/schema\/logo\/image\/\",\"url\":\"https:\/\/www.ferienanlage-doll.de\/wp-content\/uploads\/2019\/04\/cropped-schriftzug-doll.png\",\"contentUrl\":\"https:\/\/www.ferienanlage-doll.de\/wp-content\/uploads\/2019\/04\/cropped-schriftzug-doll.png\",\"width\":2894,\"height\":378,\"caption\":\"Ferienanlage Doll\"},\"image\":{\"@id\":\"https:\/\/www.ferienanlage-doll.de\/#\/schema\/logo\/image\/\"}}]}<\/script>\n<!-- \/ Yoast SEO plugin. -->","yoast_head_json":{"title":"Umgebung - Ferienanlage-Doll.de","robots":{"index":"index","follow":"follow","max-snippet":"max-snippet:-1","max-image-preview":"max-image-preview:large","max-video-preview":"max-video-preview:-1"},"canonical":"https:\/\/www.ferienanlage-doll.de\/?page_id=67","og_locale":"de_DE","og_type":"article","og_title":"Umgebung - Ferienanlage-Doll.de","og_description":"Neuendorf A liegt in einem Mischwaldg\u00fcrtel und zwischen der Ueckerm\u00fcnder Heide und der Friedl\u00e4nder gro\u00dfen Wiese, ca 8km vom Stettiner Haff entfernt. Die Haffb\u00e4der M\u00f6nkebude und Ueckerm\u00fcnde erreicht man in ca 15 Autominuten. Die Insel Usedom ist \u00fcber de Zecheriner Br\u00fccke 30km, und die Kaiserb\u00e4der Ahlbeck und Heringsdorf nur etwa 65 km entfernt.","og_url":"https:\/\/www.ferienanlage-doll.de\/?page_id=67","og_site_name":"Ferienanlage-Doll.de","article_modified_time":"2019-06-16T14:05:03+00:00","twitter_card":"summary_large_image","schema":{"@context":"https:\/\/schema.org","@graph":[{"@type":"WebPage","@id":"https:\/\/www.ferienanlage-doll.de\/?page_id=67","url":"https:\/\/www.ferienanlage-doll.de\/?page_id=67","name":"Umgebung - Ferienanlage-Doll.de","isPartOf":{"@id":"https:\/\/www.ferienanlage-doll.de\/#website"},"datePublished":"2019-01-28T13:35:06+00:00","dateModified":"2019-06-16T14:05:03+00:00","breadcrumb":{"@id":"https:\/\/www.ferienanlage-doll.de\/?page_id=67#breadcrumb"},"inLanguage":"de","potentialAction":[{"@type":"ReadAction","target":["https:\/\/www.ferienanlage-doll.de\/?page_id=67"]}]},{"@type":"BreadcrumbList","@id":"https:\/\/www.ferienanlage-doll.de\/?page_id=67#breadcrumb","itemListElement":[{"@type":"ListItem","position":1,"name":"Startseite","item":"https:\/\/www.ferienanlage-doll.de\/?page_id=218"},{"@type":"ListItem","position":2,"name":"Umgebung"}]},{"@type":"WebSite","@id":"https:\/\/www.ferienanlage-doll.de\/#website","url":"https:\/\/www.ferienanlage-doll.de\/","name":"Ferienanlage-Doll.de","description":"","publisher":{"@id":"https:\/\/www.ferienanlage-doll.de\/#organization"},"potentialAction":[{"@type":"SearchAction","target":{"@type":"EntryPoint","urlTemplate":"https:\/\/www.ferienanlage-doll.de\/?s={search_term_string}"},"query-input":{"@type":"PropertyValueSpecification","valueRequired":true,"valueName":"search_term_string"}}],"inLanguage":"de"},{"@type":"Organization","@id":"https:\/\/www.ferienanlage-doll.de\/#organization","name":"Ferienanlage Doll","url":"https:\/\/www.ferienanlage-doll.de\/","logo":{"@type":"ImageObject","inLanguage":"de","@id":"https:\/\/www.ferienanlage-doll.de\/#\/schema\/logo\/image\/","url":"https:\/\/www.ferienanlage-doll.de\/wp-content\/uploads\/2019\/04\/cropped-schriftzug-doll.png","contentUrl":"https:\/\/www.ferienanlage-doll.de\/wp-content\/uploads\/2019\/04\/cropped-schriftzug-doll.png","width":2894,"height":378,"caption":"Ferienanlage Doll"},"image":{"@id":"https:\/\/www.ferienanlage-doll.de\/#\/schema\/logo\/image\/"}}]}},"_links":{"self":[{"href":"https:\/\/www.ferienanlage-doll.de\/index.php?rest_route=\/wp\/v2\/pages\/67","targetHints":{"allow":["GET"]}}],"collection":[{"href":"https:\/\/www.ferienanlage-doll.de\/index.php?rest_route=\/wp\/v2\/pages"}],"about":[{"href":"https:\/\/www.ferienanlage-doll.de\/index.php?rest_route=\/wp\/v2\/types\/page"}],"author":[{"embeddable":true,"href":"https:\/\/www.ferienanlage-doll.de\/index.php?rest_route=\/wp\/v2\/users\/1"}],"replies":[{"embeddable":true,"href":"https:\/\/www.ferienanlage-doll.de\/index.php?rest_route=%2Fwp%2Fv2%2Fcomments&post=67"}],"version-history":[{"count":12,"href":"https:\/\/www.ferienanlage-doll.de\/index.php?rest_route=\/wp\/v2\/pages\/67\/revisions"}],"predecessor-version":[{"id":625,"href":"https:\/\/www.ferienanlage-doll.de\/index.php?rest_route=\/wp\/v2\/pages\/67\/revisions\/625"}],"wp:attachment":[{"href":"https:\/\/www.ferienanlage-doll.de\/index.php?rest_route=%2Fwp%2Fv2%2Fmedia&parent=67"}],"curies":[{"name":"wp","href":"https:\/\/api.w.org\/{rel}","templated":true}]}}