{"id":73,"date":"2019-01-28T13:36:05","date_gmt":"2019-01-28T13:36:05","guid":{"rendered":"http:\/\/neu.ferienanlage-doll.de\/?page_id=73"},"modified":"2025-01-22T19:13:13","modified_gmt":"2025-01-22T19:13:13","slug":"preise","status":"publish","type":"page","link":"https:\/\/www.ferienanlage-doll.de\/?page_id=73","title":{"rendered":"Preise"},"content":{"rendered":"<div id=\"pl-73\"  class=\"panel-layout\" ><div id=\"pg-73-0\"  class=\"panel-grid panel-no-style\" ><div id=\"pgc-73-0-0\"  class=\"panel-grid-cell\" ><div id=\"panel-73-0-0-0\" class=\"so-panel widget widget_sow-editor panel-first-child panel-last-child\" data-index=\"0\" ><div\n\t\t\t\n\t\t\tclass=\"so-widget-sow-editor so-widget-sow-editor-base\"\n\t\t\t\n\t\t><h3 class=\"widget-title\">In der Hauptsaison (01.07.-31.08.) | (25.12.-02.01.)<\/h3>\n<div class=\"siteorigin-widget-tinymce textwidget\">\n\t\n<table id=\"tablepress-1-no-2\" class=\"tablepress tablepress-id-1\">\n<thead>\n<tr class=\"row-1\">\n\t<td class=\"column-1\"><\/td><th class=\"column-2\">erste Nacht<\/th><th class=\"column-3\">weitere Nacht<\/th>\n<\/tr>\n<\/thead>\n<tbody class=\"row-striping row-hover\">\n<tr class=\"row-2\">\n\t<td class=\"column-1\">Wohnung 1<br \/>\nca. 65 m\u00b2<\/td><td class=\"column-2\">134,00\u20ac<\/td><td class=\"column-3\">79,00\u20ac<\/td>\n<\/tr>\n<tr class=\"row-3\">\n\t<td class=\"column-1\">Wohnung 2<br \/>\nca. 79 m\u00b2<\/td><td class=\"column-2\">160,00\u20ac<\/td><td class=\"column-3\">100,00\u20ac<\/td>\n<\/tr>\n<tr class=\"row-4\">\n\t<td class=\"column-1\">Wohnung 3<br \/>\nca. 85 m\u00b2<\/td><td class=\"column-2\">165,00\u20ac<\/td><td class=\"column-3\">105,00\u20ac<\/td>\n<\/tr>\n<tr class=\"row-5\">\n\t<td class=\"column-1\">Wohnung 4<br \/>\nca. 100 m\u00b2<\/td><td class=\"column-2\">205,00\u20ac<\/td><td class=\"column-3\">135,00\u20ac<\/td>\n<\/tr>\n<tr class=\"row-6\">\n\t<td class=\"column-1\">Ferienh\u00e4user Belegung 1-4 Personen <br \/>\n(f\u00fcr 5. Person +10,00\u20ac pro Person und Tag)<\/td><td class=\"column-2\">165,00\u20ac<\/td><td class=\"column-3\">105,00\u20ac<\/td>\n<\/tr>\n<tr class=\"row-7\">\n\t<td class=\"column-1\">Die Preise f\u00fcr die erste Nacht beinhalten bereits die Kosten f\u00fcr die Endreinigung. In der Hauptsaison betr\u00e4gt die Mindestaufenthaltsdauer 3 Tage.<\/td><td class=\"column-2\"><\/td><td class=\"column-3\"><\/td>\n<\/tr>\n<\/tbody>\n<\/table>\n<!-- #tablepress-1-no-2 from cache -->\n<\/div>\n<\/div><\/div><\/div><div id=\"pgc-73-0-1\"  class=\"panel-grid-cell\" ><div id=\"panel-73-0-1-0\" class=\"so-panel widget widget_sow-editor panel-first-child panel-last-child\" data-index=\"1\" ><div\n\t\t\t\n\t\t\tclass=\"so-widget-sow-editor so-widget-sow-editor-base\"\n\t\t\t\n\t\t><h3 class=\"widget-title\">in der Nebensaison (01.09.-24.12.) | (03.01.-30.06.)<\/h3>\n<div class=\"siteorigin-widget-tinymce textwidget\">\n\t\n<table id=\"tablepress-2-no-2\" class=\"tablepress tablepress-id-2\">\n<thead>\n<tr class=\"row-1\">\n\t<td class=\"column-1\"><\/td><th class=\"column-2\">erste Nacht<\/th><th class=\"column-3\">weitere Nacht<\/th>\n<\/tr>\n<\/thead>\n<tbody class=\"row-striping row-hover\">\n<tr class=\"row-2\">\n\t<td class=\"column-1\">Wohnung 1<br \/>\nca. 65 m\u00b2<\/td><td class=\"column-2\">124,00\u20ac<\/td><td class=\"column-3\">69,00\u20ac<\/td>\n<\/tr>\n<tr class=\"row-3\">\n\t<td class=\"column-1\">Wohnung 2<br \/>\nca. 79 m\u00b2<\/td><td class=\"column-2\">145,00\u20ac<\/td><td class=\"column-3\">85,00\u20ac<\/td>\n<\/tr>\n<tr class=\"row-4\">\n\t<td class=\"column-1\">Wohnung 3<br \/>\nca. 85 m\u00b2<\/td><td class=\"column-2\">150,00\u20ac<\/td><td class=\"column-3\">90,00\u20ac<\/td>\n<\/tr>\n<tr class=\"row-5\">\n\t<td class=\"column-1\">Wohnung 4<br \/>\nca. 100m\u00b2<\/td><td class=\"column-2\">188,00\u20ac<\/td><td class=\"column-3\">118,00\u20ac<\/td>\n<\/tr>\n<tr class=\"row-6\">\n\t<td class=\"column-1\">Ferienh\u00e4user Belegung 1-4 Personen <br \/>\n(f\u00fcr 5. Person +10,00\u20ac pro Person und Tag)<\/td><td class=\"column-2\">150,00\u20ac<\/td><td class=\"column-3\">90,00\u20ac<\/td>\n<\/tr>\n<tr class=\"row-7\">\n\t<td class=\"column-1\">Die Preise f\u00fcr die erste Nacht beinhalten bereits die Kosten f\u00fcr die Endreinigung.<\/td><td class=\"column-2\"><\/td><td class=\"column-3\"><\/td>\n<\/tr>\n<\/tbody>\n<\/table>\n<!-- #tablepress-2-no-2 from cache -->\n<\/div>\n<\/div><\/div><\/div><\/div><div id=\"pg-73-1\"  class=\"panel-grid panel-no-style\" ><div id=\"pgc-73-1-0\"  class=\"panel-grid-cell\" ><div id=\"panel-73-1-0-0\" class=\"so-panel widget widget_sow-editor panel-first-child panel-last-child\" data-index=\"2\" ><div\n\t\t\t\n\t\t\tclass=\"so-widget-sow-editor so-widget-sow-editor-base\"\n\t\t\t\n\t\t><h3 class=\"widget-title\">Zusatzleistungen<\/h3>\n<div class=\"siteorigin-widget-tinymce textwidget\">\n\t<p>Kinderbett: 10,00\u20ac (einmalig) \u2022 Kinderhochstuhl: inklusive \u2022 Parkplatz: inklusive \u2022 Waschmaschine: 5,00\u20ac pro Nutzung \u2022 Trockner 5,00\u20ac pro Nutzung<\/p>\n<p>W\u00e4schepaket: 20,00\u20ac pro Pers. \u2022 Sauna: 20,00\u20ac pro Kalendertag<\/p>\n<\/div>\n<\/div><\/div><\/div><\/div><\/div>","protected":false},"excerpt":{"rendered":"<p>Kinderbett: 10,00\u20ac (einmalig) \u2022 Kinderhochstuhl: inklusive \u2022 Parkplatz: inklusive \u2022 Waschmaschine: 5,00\u20ac pro Nutzung \u2022 Trockner 5,00\u20ac pro Nutzung W\u00e4schepaket: 20,00\u20ac pro Pers. \u2022 Sauna: 20,00\u20ac pro Kalendertag<\/p>\n","protected":false},"author":1,"featured_media":0,"parent":0,"menu_order":0,"comment_status":"closed","ping_status":"closed","template":"pro\/page-templates\/full-width-page.php","meta":{"footnotes":""},"class_list":["post-73","page","type-page","status-publish","hentry"],"yoast_head":"<!-- This site is optimized with the Yoast SEO plugin v26.7 - https:\/\/yoast.com\/wordpress\/plugins\/seo\/ -->\n<title>Preise - Ferienanlage-Doll.de<\/title>\n<meta name=\"robots\" content=\"index, follow, max-snippet:-1, max-image-preview:large, max-video-preview:-1\" \/>\n<link rel=\"canonical\" href=\"https:\/\/www.ferienanlage-doll.de\/?page_id=73\" \/>\n<meta property=\"og:locale\" content=\"de_DE\" \/>\n<meta property=\"og:type\" content=\"article\" \/>\n<meta property=\"og:title\" content=\"Preise - Ferienanlage-Doll.de\" \/>\n<meta property=\"og:description\" content=\"Kinderbett: 10,00\u20ac (einmalig) \u2022 Kinderhochstuhl: inklusive \u2022 Parkplatz: inklusive \u2022 Waschmaschine: 5,00\u20ac pro Nutzung \u2022 Trockner 5,00\u20ac pro Nutzung W\u00e4schepaket: 20,00\u20ac pro Pers. \u2022 Sauna: 20,00\u20ac pro Kalendertag\" \/>\n<meta property=\"og:url\" content=\"https:\/\/www.ferienanlage-doll.de\/?page_id=73\" \/>\n<meta property=\"og:site_name\" content=\"Ferienanlage-Doll.de\" \/>\n<meta property=\"article:modified_time\" content=\"2025-01-22T19:13:13+00:00\" \/>\n<meta name=\"twitter:card\" content=\"summary_large_image\" \/>\n<script type=\"application\/ld+json\" class=\"yoast-schema-graph\">{\"@context\":\"https:\/\/schema.org\",\"@graph\":[{\"@type\":\"WebPage\",\"@id\":\"https:\/\/www.ferienanlage-doll.de\/?page_id=73\",\"url\":\"https:\/\/www.ferienanlage-doll.de\/?page_id=73\",\"name\":\"Preise - Ferienanlage-Doll.de\",\"isPartOf\":{\"@id\":\"https:\/\/www.ferienanlage-doll.de\/#website\"},\"datePublished\":\"2019-01-28T13:36:05+00:00\",\"dateModified\":\"2025-01-22T19:13:13+00:00\",\"breadcrumb\":{\"@id\":\"https:\/\/www.ferienanlage-doll.de\/?page_id=73#breadcrumb\"},\"inLanguage\":\"de\",\"potentialAction\":[{\"@type\":\"ReadAction\",\"target\":[\"https:\/\/www.ferienanlage-doll.de\/?page_id=73\"]}]},{\"@type\":\"BreadcrumbList\",\"@id\":\"https:\/\/www.ferienanlage-doll.de\/?page_id=73#breadcrumb\",\"itemListElement\":[{\"@type\":\"ListItem\",\"position\":1,\"name\":\"Startseite\",\"item\":\"https:\/\/www.ferienanlage-doll.de\/?page_id=218\"},{\"@type\":\"ListItem\",\"position\":2,\"name\":\"Preise\"}]},{\"@type\":\"WebSite\",\"@id\":\"https:\/\/www.ferienanlage-doll.de\/#website\",\"url\":\"https:\/\/www.ferienanlage-doll.de\/\",\"name\":\"Ferienanlage-Doll.de\",\"description\":\"\",\"publisher\":{\"@id\":\"https:\/\/www.ferienanlage-doll.de\/#organization\"},\"potentialAction\":[{\"@type\":\"SearchAction\",\"target\":{\"@type\":\"EntryPoint\",\"urlTemplate\":\"https:\/\/www.ferienanlage-doll.de\/?s={search_term_string}\"},\"query-input\":{\"@type\":\"PropertyValueSpecification\",\"valueRequired\":true,\"valueName\":\"search_term_string\"}}],\"inLanguage\":\"de\"},{\"@type\":\"Organization\",\"@id\":\"https:\/\/www.ferienanlage-doll.de\/#organization\",\"name\":\"Ferienanlage Doll\",\"url\":\"https:\/\/www.ferienanlage-doll.de\/\",\"logo\":{\"@type\":\"ImageObject\",\"inLanguage\":\"de\",\"@id\":\"https:\/\/www.ferienanlage-doll.de\/#\/schema\/logo\/image\/\",\"url\":\"https:\/\/www.ferienanlage-doll.de\/wp-content\/uploads\/2019\/04\/cropped-schriftzug-doll.png\",\"contentUrl\":\"https:\/\/www.ferienanlage-doll.de\/wp-content\/uploads\/2019\/04\/cropped-schriftzug-doll.png\",\"width\":2894,\"height\":378,\"caption\":\"Ferienanlage Doll\"},\"image\":{\"@id\":\"https:\/\/www.ferienanlage-doll.de\/#\/schema\/logo\/image\/\"}}]}<\/script>\n<!-- \/ Yoast SEO plugin. -->","yoast_head_json":{"title":"Preise - Ferienanlage-Doll.de","robots":{"index":"index","follow":"follow","max-snippet":"max-snippet:-1","max-image-preview":"max-image-preview:large","max-video-preview":"max-video-preview:-1"},"canonical":"https:\/\/www.ferienanlage-doll.de\/?page_id=73","og_locale":"de_DE","og_type":"article","og_title":"Preise - Ferienanlage-Doll.de","og_description":"Kinderbett: 10,00\u20ac (einmalig) \u2022 Kinderhochstuhl: inklusive \u2022 Parkplatz: inklusive \u2022 Waschmaschine: 5,00\u20ac pro Nutzung \u2022 Trockner 5,00\u20ac pro Nutzung W\u00e4schepaket: 20,00\u20ac pro Pers. \u2022 Sauna: 20,00\u20ac pro Kalendertag","og_url":"https:\/\/www.ferienanlage-doll.de\/?page_id=73","og_site_name":"Ferienanlage-Doll.de","article_modified_time":"2025-01-22T19:13:13+00:00","twitter_card":"summary_large_image","schema":{"@context":"https:\/\/schema.org","@graph":[{"@type":"WebPage","@id":"https:\/\/www.ferienanlage-doll.de\/?page_id=73","url":"https:\/\/www.ferienanlage-doll.de\/?page_id=73","name":"Preise - Ferienanlage-Doll.de","isPartOf":{"@id":"https:\/\/www.ferienanlage-doll.de\/#website"},"datePublished":"2019-01-28T13:36:05+00:00","dateModified":"2025-01-22T19:13:13+00:00","breadcrumb":{"@id":"https:\/\/www.ferienanlage-doll.de\/?page_id=73#breadcrumb"},"inLanguage":"de","potentialAction":[{"@type":"ReadAction","target":["https:\/\/www.ferienanlage-doll.de\/?page_id=73"]}]},{"@type":"BreadcrumbList","@id":"https:\/\/www.ferienanlage-doll.de\/?page_id=73#breadcrumb","itemListElement":[{"@type":"ListItem","position":1,"name":"Startseite","item":"https:\/\/www.ferienanlage-doll.de\/?page_id=218"},{"@type":"ListItem","position":2,"name":"Preise"}]},{"@type":"WebSite","@id":"https:\/\/www.ferienanlage-doll.de\/#website","url":"https:\/\/www.ferienanlage-doll.de\/","name":"Ferienanlage-Doll.de","description":"","publisher":{"@id":"https:\/\/www.ferienanlage-doll.de\/#organization"},"potentialAction":[{"@type":"SearchAction","target":{"@type":"EntryPoint","urlTemplate":"https:\/\/www.ferienanlage-doll.de\/?s={search_term_string}"},"query-input":{"@type":"PropertyValueSpecification","valueRequired":true,"valueName":"search_term_string"}}],"inLanguage":"de"},{"@type":"Organization","@id":"https:\/\/www.ferienanlage-doll.de\/#organization","name":"Ferienanlage Doll","url":"https:\/\/www.ferienanlage-doll.de\/","logo":{"@type":"ImageObject","inLanguage":"de","@id":"https:\/\/www.ferienanlage-doll.de\/#\/schema\/logo\/image\/","url":"https:\/\/www.ferienanlage-doll.de\/wp-content\/uploads\/2019\/04\/cropped-schriftzug-doll.png","contentUrl":"https:\/\/www.ferienanlage-doll.de\/wp-content\/uploads\/2019\/04\/cropped-schriftzug-doll.png","width":2894,"height":378,"caption":"Ferienanlage Doll"},"image":{"@id":"https:\/\/www.ferienanlage-doll.de\/#\/schema\/logo\/image\/"}}]}},"_links":{"self":[{"href":"https:\/\/www.ferienanlage-doll.de\/index.php?rest_route=\/wp\/v2\/pages\/73","targetHints":{"allow":["GET"]}}],"collection":[{"href":"https:\/\/www.ferienanlage-doll.de\/index.php?rest_route=\/wp\/v2\/pages"}],"about":[{"href":"https:\/\/www.ferienanlage-doll.de\/index.php?rest_route=\/wp\/v2\/types\/page"}],"author":[{"embeddable":true,"href":"https:\/\/www.ferienanlage-doll.de\/index.php?rest_route=\/wp\/v2\/users\/1"}],"replies":[{"embeddable":true,"href":"https:\/\/www.ferienanlage-doll.de\/index.php?rest_route=%2Fwp%2Fv2%2Fcomments&post=73"}],"version-history":[{"count":61,"href":"https:\/\/www.ferienanlage-doll.de\/index.php?rest_route=\/wp\/v2\/pages\/73\/revisions"}],"predecessor-version":[{"id":864,"href":"https:\/\/www.ferienanlage-doll.de\/index.php?rest_route=\/wp\/v2\/pages\/73\/revisions\/864"}],"wp:attachment":[{"href":"https:\/\/www.ferienanlage-doll.de\/index.php?rest_route=%2Fwp%2Fv2%2Fmedia&parent=73"}],"curies":[{"name":"wp","href":"https:\/\/api.w.org\/{rel}","templated":true}]}}